{"id":1438,"date":"2020-12-04T18:41:13","date_gmt":"2020-12-04T23:41:13","guid":{"rendered":"https:\/\/www.textildelvalle.pe\/es\/?page_id=1438"},"modified":"2020-12-18T12:13:52","modified_gmt":"2020-12-18T17:13:52","slug":"terminos-y-condiciones","status":"publish","type":"page","link":"https:\/\/www.textildelvalle.pe\/es\/terminos-y-condiciones\/","title":{"rendered":"T\u00c9RMINOS Y CONDICIONES"},"content":{"rendered":"<div id='layer_slider_1'  class='avia-layerslider main_color avia-shadow  avia-builder-el-0  el_before_av_section  avia-builder-el-first  container_wrap sidebar_right' style='  height: 251px; max-width: 1280px; margin: 0 auto;' ><\/div>\n<div id='av_section_1'  class='avia-section main_color avia-section-default avia-no-border-styling  avia-bg-style-scroll  avia-builder-el-1  el_after_av_layerslider  avia-builder-el-last   container_wrap sidebar_right' style='background-color: #333333;  '  ><div class='container' ><div class='template-page content  av-content-small alpha units'><div class='post-entry post-entry-type-page post-entry-1438'><div class='entry-content-wrapper clearfix'>\n<section class=\"av_textblock_section \"  itemscope=\"itemscope\" itemtype=\"https:\/\/schema.org\/CreativeWork\" ><div class='avia_textblock  av_inherit_color  av-medium-font-size-overwrite av-medium-font-size-14 av-small-font-size-overwrite av-small-font-size-12 av-mini-font-size-overwrite av-mini-font-size-12'  style='font-size:14px; color:#ffffff; '  itemprop=\"text\" ><h3 style=\"text-align: center; font-family: Roboto, sans-serif; color: #e77f07;\">SECCI\u00d3N DE PROTECCI\u00d3N DE DATOS EN LA WEB<\/h3>\n<p class=\"subtitulo\" style=\"font-family: Roboto, sans-serif; font-weight: bold; color: #e77f07;\">INFORMACI\u00d3N GENERAL<\/p>\n<p style=\"font-family: Roboto, sans-serif;\">TEXTIL DEL VALLE SA, ubicado en Pasaje Los Delfines N \u00b0 159, Urb. Las Gardenias, Lima y dedicada a la confecci\u00f3n de ropa, comunica la presente Pol\u00edtica de Privacidad. Este \u00faltimo especifica los lineamientos en los que se recogen los datos personales en el sitio web www.textildelvalle.pe.<\/p>\n<p style=\"font-family: Roboto, sans-serif;\">Este documento ha sido elaborado de acuerdo a lo establecido en la Ley N \u00b0 29733 &#8211; Ley de Protecci\u00f3n de Datos de Car\u00e1cter Personal, su reglamento aprobado por el &#8216;Decreto Supremo 003-2013-JUS&#8217; y el reglamento complementario y modificador de los anteriores (todos ellos definido en adelante como el \u00abReglamento de Protecci\u00f3n de Datos Personales\u00bb).<\/p>\n<p style=\"font-family: Roboto, sans-serif;\">El tratamiento de los datos personales es realizado por TEXTIL DEL VALLE S.A. y es enviado a un representante comercial.<\/p>\n<p class=\"subtitulo\" style=\"font-family: Roboto, sans-serif; color: #e77f07;\"><strong>COMPROMISO DE SEGURIDAD<\/strong><\/p>\n<p style=\"font-family: Roboto, sans-serif;\">A trav\u00e9s del presente documento, TEXTIL DEL VALLE S.A. establece que ha implementado las medidas t\u00e9cnicas, organizativas y legales de seguridad necesarias para proteger los datos personales tratados en el sitio web.<\/p>\n<p class=\"subtitulo\" style=\"font-family: Roboto, sans-serif; color: #e77f07;\"><strong>OBJETIVO<\/strong><\/p>\n<p style=\"font-family: Roboto, sans-serif;\">La Pol\u00edtica de Seguridad del Banco de Datos informa a los usuarios, clientes, proveedores, entre otros, los lineamientos bajo los cuales TEXTIL DEL VALLE SA realiza el tratamiento de los datos personales (a trav\u00e9s de su apartado \u201cCont\u00e1ctenos\u201d), su finalidad, as\u00ed como los tr\u00e1mites para los usuarios. para solicitar los derechos ARCO. Estos derechos son el acceso, rectificaci\u00f3n, cancelaci\u00f3n y oposici\u00f3n, de acuerdo con el Reglamento de Protecci\u00f3n de Datos Personales.<\/p>\n<p class=\"subtitulo\" style=\"font-family: Roboto, sans-serif; color: #e77f07;\"><strong>PRINCIPIOS<\/strong><\/p>\n<p style=\"font-family: Roboto, sans-serif;\">TEXTIL DEL VALLE S.A. se compromete a respetar los principios establecidos en el Reglamento de Protecci\u00f3n de Datos Personales. Estos son el principio de legalidad, el principio de consentimiento, el principio de finalidad, el principio de proporcionalidad, el principio de calidad, el principio de seguridad, el principio de provisi\u00f3n de recursos y el principio de nivel adecuado de protecci\u00f3n.<\/p>\n<p class=\"subtitulo\" style=\"font-family: Roboto, sans-serif; color: #e77f07;\"><strong>TRATAMIENTO DE DATOS PERSONALES<\/strong><\/p>\n<p style=\"font-family: Roboto, sans-serif;\">Con el fin de establecer o cumplir los contratos con sus colaboradores, clientes, proveedores, socios comerciales y contrapartes contractuales, as\u00ed como para cumplir con la normativa tributaria, laboral y previsional, entre otras aplicables, TEXTIL DEL VALLE SA realiza el tratamiento de datos personales para los siguientes prop\u00f3sitos:<\/p>\n<p style=\"font-family: Roboto, sans-serif;\">Establecer una comunicaci\u00f3n eficaz para dar respuesta a las preguntas y sugerencias realizadas por la secci\u00f3n \u00abCont\u00e1ctenos\u00bb.<!--\u00b4p--><\/p>\n<p style=\"font-family: Roboto, sans-serif;\">Garantizar el cumplimiento de las pol\u00edticas de seguridad de la informaci\u00f3n (TI).<\/p>\n<p style=\"font-family: Roboto, sans-serif;\">Otras finalidades que se informan previamente a los titulares de los datos personales, antes del tratamiento de sus datos.<\/p>\n<p class=\"subtitulo\" style=\"font-family: Roboto, sans-serif; color: #e77f07;\"><strong>DERECHOS DE LOS USUARIOS<\/strong><\/p>\n<p style=\"font-family: Roboto, sans-serif;\">Los usuarios de Datos Personales podr\u00e1n solicitar sus derechos, previstos en el Reglamento de Protecci\u00f3n de Datos Personales, de acuerdo con el siguiente procedimiento:<\/p>\n<p style=\"font-family: Roboto, sans-serif;\">Env\u00ede un correo electr\u00f3nico a la direcci\u00f3n: derechos.arco@www.textildelvalle.pe adjuntando los siguientes documentos escaneados:<\/p>\n<p style=\"font-family: Roboto, sans-serif;\">1) Solicitud ARCO debidamente cumplimentada y firmada. (Archivo ARCO) y \/ o (Archivo de revocaci\u00f3n).<\/p>\n<p style=\"font-family: Roboto, sans-serif;\">2) Copia simple y legible de la identificaci\u00f3n (ambos lados).<\/p>\n<p style=\"font-family: Roboto, sans-serif;\">Con domicilio en la oficina central de TEXTIL DEL VALLE S.A, en Pasaje Los Delfines N \u00b0 159, Urb. Las Gardenias, Lima, a la recepci\u00f3n de las oficinas administrativas, donde se entregar\u00e1n los formularios correspondientes.<\/p>\n<p class=\"subtitulo\" style=\"font-family: Roboto, sans-serif; color: #e77f07;\"><strong>CONSENTIMIENTO<\/strong><\/p>\n<p style=\"font-family: Roboto, sans-serif;\">Con la aceptaci\u00f3n de esta pol\u00edtica, se expresa consentimiento y conformidad con todos los t\u00e9rminos establecidos en la misma y se autoriza el tratamiento de sus datos personales, para las finalidades antes se\u00f1aladas. Cabe se\u00f1alar que el consentimiento es necesario para cumplir con los prop\u00f3sitos establecidos en este documento.<\/p>\n<p class=\"subtitulo\" style=\"font-family: Roboto, sans-serif; color: #e77f07;\"><strong>VALIDEZ<\/strong><\/p>\n<p style=\"font-family: Roboto, sans-serif;\">Los Datos Personales ser\u00e1n tratados por tiempo indefinido o hasta que el titular de los datos solicite el \u201cProcedimiento \/ Ley ARCO\u201d, seg\u00fan se indica en esta pol\u00edtica.<\/p>\n<p class=\"subtitulo\" style=\"font-family: Roboto, sans-serif; color: #e77f07;\"><strong>CONFIDENCIALIDAD DE LOS DATOS PERSONALES <\/strong><\/p>\n<p style=\"font-family: Roboto, sans-serif;\">Los datos personales facilitados por el titular, ser\u00e1n tratados con total confidencialidad. TEXTIL DEL VALLE S.A. se compromete a guardar indefinidamente el secreto profesional de todos los datos y garantiza su deber de guardarlos adecuadamente adoptando todas las medidas de seguridad necesarias.<\/p>\n<p class=\"subtitulo\" style=\"font-family: Roboto, sans-serif; color: #e77f07;\"><strong>SOLICITUD ARCO<\/strong><\/p>\n<p style=\"font-family: Roboto, sans-serif;\">Es el documento que le permite solicitar sus derechos ARCO (acceso, rectificaci\u00f3n, cancelaci\u00f3n y oposici\u00f3n) y que TEXTIL DEL VALLE S.A., de acuerdo con la Ley, pone a su disposici\u00f3n.<\/p>\n<p class=\"subtitulo\" style=\"font-family: Roboto, sans-serif; color: #e77f07;\"><strong>REVOCACI\u00d3N DEL CONSENTIMIENTO<\/strong><\/p>\n<p style=\"font-family: Roboto, sans-serif;\">Cualquier usuario de datos personales puede revocar su consentimiento otorgado a trav\u00e9s de los canales mencionados en este documento. El usuario podr\u00e1 revocar el consentimiento otorgado para el procesamiento de su informaci\u00f3n personal, solo en el caso de que la informaci\u00f3n especificada se almacene en un sistema de datos personales de nuestro poder. Por tanto, en este tipo de aplicaciones, ser\u00e1 fundamental que los usuarios demuestren su identidad.<\/p>\n<p style=\"font-family: Roboto, sans-serif;\">Si se realiza alg\u00fan cambio o modificaci\u00f3n en este documento, el texto actual se publicar\u00e1 en nuestro portal web: www.textildelvalle.pe.<\/p>\n<p style=\"font-family: Roboto, sans-serif;\">Se adjunta la solicitud y revocaci\u00f3n de sus derechos ARCO, que deber\u00e1 enviar al correo electr\u00f3nico derechos.arco@www.textildelvalle.pe.<\/p>\n<p><a style=\"font-family: Roboto, sans-serif; color: #e77f07;\" href=\"https:\/\/www.textildelvalle.pe\/es\/wp-content\/uploads\/2020\/12\/FICHA_SOLICITUD_ARCO.docx\" download=\"FICHA_SOLICITUD_ARCO.docx\">Archivo ARCO<\/a><br \/>\n<a style=\"font-family: Roboto, sans-serif; color: #e77f07;\" href=\"https:\/\/www.textildelvalle.pe\/es\/wp-content\/uploads\/2020\/12\/FICHA_DE_REVOCACION_DE_CONSENTIMIENTO.docx\" download=\"FICHA_DE_REVOCACION_DE_CONSENTIMIENTO.docx\">Archivo de revocaci\u00f3n<\/a><\/p>\n<\/div><\/section>\n<\/div><\/div><\/div><!-- close content main div --><\/div><\/div><div id='after_section_1'  class='main_color av_default_container_wrap container_wrap sidebar_right' style=' '  ><div class='container' ><div class='template-page content  av-content-small alpha units'><div class='post-entry post-entry-type-page post-entry-1438'><div class='entry-content-wrapper clearfix'>\n","protected":false},"excerpt":{"rendered":"","protected":false},"author":1,"featured_media":0,"parent":0,"menu_order":0,"comment_status":"closed","ping_status":"closed","template":"","meta":{"footnotes":""},"class_list":["post-1438","page","type-page","status-publish","hentry"],"_links":{"self":[{"href":"https:\/\/www.textildelvalle.pe\/es\/wp-json\/wp\/v2\/pages\/1438","targetHints":{"allow":["GET"]}}],"collection":[{"href":"https:\/\/www.textildelvalle.pe\/es\/wp-json\/wp\/v2\/pages"}],"about":[{"href":"https:\/\/www.textildelvalle.pe\/es\/wp-json\/wp\/v2\/types\/page"}],"author":[{"embeddable":true,"href":"https:\/\/www.textildelvalle.pe\/es\/wp-json\/wp\/v2\/users\/1"}],"replies":[{"embeddable":true,"href":"https:\/\/www.textildelvalle.pe\/es\/wp-json\/wp\/v2\/comments?post=1438"}],"version-history":[{"count":16,"href":"https:\/\/www.textildelvalle.pe\/es\/wp-json\/wp\/v2\/pages\/1438\/revisions"}],"predecessor-version":[{"id":1563,"href":"https:\/\/www.textildelvalle.pe\/es\/wp-json\/wp\/v2\/pages\/1438\/revisions\/1563"}],"wp:attachment":[{"href":"https:\/\/www.textildelvalle.pe\/es\/wp-json\/wp\/v2\/media?parent=1438"}],"curies":[{"name":"wp","href":"https:\/\/api.w.org\/{rel}","templated":true}]}}