{"id":922,"date":"2020-11-06T21:48:18","date_gmt":"2020-11-06T21:48:18","guid":{"rendered":"https:\/\/www.textildelvalle.pe\/es\/?page_id=922"},"modified":"2020-12-16T10:29:30","modified_gmt":"2020-12-16T15:29:30","slug":"newsletter","status":"publish","type":"page","link":"https:\/\/www.textildelvalle.pe\/es\/newsletter\/","title":{"rendered":"NEWSLETTER"},"content":{"rendered":"<div id='layer_slider_1'  class='avia-layerslider main_color avia-shadow  avia-builder-el-0  el_before_av_blog  avia-builder-el-first  container_wrap sidebar_right' style='  height: 391px; max-width: 1280px; margin: 0 auto;' ><\/div><div id='after_layer_slider_1'  class='main_color av_default_container_wrap container_wrap sidebar_right' style=' '  ><div class='container' ><div class='template-page content  av-content-small alpha units'><div class='post-entry post-entry-type-page post-entry-922'><div class='entry-content-wrapper clearfix'>\n<div  class='av-alb-blogposts template-blog  av-blog-meta-author-disabled av-blog-meta-comments-disabled av-blog-meta-html-info-disabled '  itemscope=\"itemscope\" itemtype=\"https:\/\/schema.org\/Blog\" ><article class='post-entry post-entry-type-standard post-entry-2056 post-loop-1 post-parity-odd single-big  post-2056 post type-post status-publish format-standard hentry category-informativo category-mejora-continua category-sostenibilidad'  itemscope=\"itemscope\" itemtype=\"https:\/\/schema.org\/BlogPosting\" ><div class='blog-meta'><\/div><div class='entry-content-wrapper clearfix standard-content'><header class=\"entry-content-header\"><div class=\"av-heading-wrapper\"><h2 class='post-title entry-title '  itemprop=\"headline\" >\t<a href='https:\/\/www.textildelvalle.pe\/es\/2026\/03\/20\/procedimiento-de-quejas-y-denuncias-textil-del-valle\/' rel='bookmark' title='Enlace permanente: Procedimiento de quejas y denuncias Textil del Valle'>Procedimiento de quejas y denuncias Textil del Valle\t\t\t<span class='post-format-icon minor-meta'><\/span>\t<\/a><\/h2><span class=\"blog-categories minor-meta\"><a href=\"https:\/\/www.textildelvalle.pe\/es\/category\/informativo\/\" rel=\"tag\">Informativo<\/a>, <a href=\"https:\/\/www.textildelvalle.pe\/es\/category\/mejora-continua\/\" rel=\"tag\">Mejora Continua<\/a>, <a href=\"https:\/\/www.textildelvalle.pe\/es\/category\/sostenibilidad\/\" rel=\"tag\">Sostenibilidad<\/a> <\/span><\/div><\/header><span class=\"av-vertical-delimiter\"><\/span><div class=\"entry-content\"  itemprop=\"text\" ><p>Ponemos a disposici\u00f3n p\u00fablica nuestro procedimiento de quejas y denuncias para todos nuestros stakeholders, reforzando nuestro compromiso con la transparencia y la mejora continua.<\/p>\n<div class=\"read-more-link\"><a href=\"https:\/\/www.textildelvalle.pe\/es\/2026\/03\/20\/procedimiento-de-quejas-y-denuncias-textil-del-valle\/\" class=\"more-link\">Leer m\u00e1s<span class=\"more-link-arrow\"><\/span><\/a><\/div>\n<\/div><span class='post-meta-infos'><time class='date-container minor-meta updated' >03\/20\/2026<\/time><span class='text-sep text-sep-date'>\/<\/span><span class='comment-container minor-meta'><a href=\"https:\/\/www.textildelvalle.pe\/es\/2026\/03\/20\/procedimiento-de-quejas-y-denuncias-textil-del-valle\/#respond\" class=\"comments-link\" >0 Comentarios<\/a><\/span><span class='text-sep text-sep-comment'>\/<\/span><span class=\"blog-author minor-meta\">por <span class=\"entry-author-link\"  itemprop=\"author\" ><span class=\"author\"><span class=\"fn\"><a href=\"https:\/\/www.textildelvalle.pe\/es\/author\/textilde\/\" title=\"Entradas de textilde\" rel=\"author\">textilde<\/a><\/span><\/span><\/span><\/span><\/span><footer class=\"entry-footer\"><\/footer><div class='post_delimiter'><\/div><\/div><div class='post_author_timeline'><\/div><span class='hidden'>\n\t\t\t\t<span class='av-structured-data'  itemprop=\"image\" itemscope=\"itemscope\" itemtype=\"https:\/\/schema.org\/ImageObject\" >\n\t\t\t\t\t\t<span itemprop='url'>https:\/\/www.textildelvalle.pe\/es\/wp-content\/uploads\/2021\/08\/logo-tdv.png<\/span>\n\t\t\t\t\t\t<span itemprop='height'>0<\/span>\n\t\t\t\t\t\t<span itemprop='width'>0<\/span>\n\t\t\t\t<\/span>\n\t\t\t\t<span class='av-structured-data'  itemprop=\"publisher\" itemtype=\"https:\/\/schema.org\/Organization\" itemscope=\"itemscope\" >\n\t\t\t\t\t\t<span itemprop='name'>textilde<\/span>\n\t\t\t\t\t\t<span itemprop='logo' itemscope itemtype='https:\/\/schema.org\/ImageObject'>\n\t\t\t\t\t\t\t<span itemprop='url'>https:\/\/www.textildelvalle.pe\/es\/wp-content\/uploads\/2021\/08\/logo-tdv.png<\/span>\n\t\t\t\t\t\t <\/span>\n\t\t\t\t<\/span><span class='av-structured-data'  itemprop=\"author\" itemscope=\"itemscope\" itemtype=\"https:\/\/schema.org\/Person\" ><span itemprop='name'>textilde<\/span><\/span><span class='av-structured-data'  itemprop=\"datePublished\" datetime=\"2026-03-20T16:15:25-05:00\" >2026-03-20 16:15:25<\/span><span class='av-structured-data'  itemprop=\"dateModified\" itemtype=\"https:\/\/schema.org\/dateModified\" >2026-03-20 16:15:27<\/span><span class='av-structured-data'  itemprop=\"mainEntityOfPage\" itemtype=\"https:\/\/schema.org\/mainEntityOfPage\" ><span itemprop='name'>Procedimiento de quejas y denuncias Textil del Valle<\/span><\/span><\/span><\/article><article class='post-entry post-entry-type-standard post-entry-2049 post-loop-2 post-parity-even single-big  post-2049 post type-post status-publish format-standard hentry category-informativo category-mejora-continua category-sostenibilidad'  itemscope=\"itemscope\" itemtype=\"https:\/\/schema.org\/BlogPosting\" ><div class='blog-meta'><\/div><div class='entry-content-wrapper clearfix standard-content'><header class=\"entry-content-header\"><div class=\"av-heading-wrapper\"><h2 class='post-title entry-title '  itemprop=\"headline\" >\t<a href='https:\/\/www.textildelvalle.pe\/es\/2026\/03\/18\/politica-integrada-de-gestion\/' rel='bookmark' title='Enlace permanente: Pol\u00edtica Integrada de Gestion'>Pol\u00edtica Integrada de Gestion\t\t\t<span class='post-format-icon minor-meta'><\/span>\t<\/a><\/h2><span class=\"blog-categories minor-meta\"><a href=\"https:\/\/www.textildelvalle.pe\/es\/category\/informativo\/\" rel=\"tag\">Informativo<\/a>, <a href=\"https:\/\/www.textildelvalle.pe\/es\/category\/mejora-continua\/\" rel=\"tag\">Mejora Continua<\/a>, <a href=\"https:\/\/www.textildelvalle.pe\/es\/category\/sostenibilidad\/\" rel=\"tag\">Sostenibilidad<\/a> <\/span><\/div><\/header><span class=\"av-vertical-delimiter\"><\/span><div class=\"entry-content\"  itemprop=\"text\" ><p>Textil del Valle presenta su Pol\u00edtica Integrada de Gesti\u00f3n.<\/p>\n<div class=\"read-more-link\"><a href=\"https:\/\/www.textildelvalle.pe\/es\/2026\/03\/18\/politica-integrada-de-gestion\/\" class=\"more-link\">Leer m\u00e1s<span class=\"more-link-arrow\"><\/span><\/a><\/div>\n<\/div><span class='post-meta-infos'><time class='date-container minor-meta updated' >03\/18\/2026<\/time><span class='text-sep text-sep-date'>\/<\/span><span class='comment-container minor-meta'><a href=\"https:\/\/www.textildelvalle.pe\/es\/2026\/03\/18\/politica-integrada-de-gestion\/#respond\" class=\"comments-link\" >0 Comentarios<\/a><\/span><span class='text-sep text-sep-comment'>\/<\/span><span class=\"blog-author minor-meta\">por <span class=\"entry-author-link\"  itemprop=\"author\" ><span class=\"author\"><span class=\"fn\"><a href=\"https:\/\/www.textildelvalle.pe\/es\/author\/textilde\/\" title=\"Entradas de textilde\" rel=\"author\">textilde<\/a><\/span><\/span><\/span><\/span><\/span><footer class=\"entry-footer\"><\/footer><div class='post_delimiter'><\/div><\/div><div class='post_author_timeline'><\/div><span class='hidden'>\n\t\t\t\t<span class='av-structured-data'  itemprop=\"image\" itemscope=\"itemscope\" itemtype=\"https:\/\/schema.org\/ImageObject\" >\n\t\t\t\t\t\t<span itemprop='url'>https:\/\/www.textildelvalle.pe\/es\/wp-content\/uploads\/2021\/08\/logo-tdv.png<\/span>\n\t\t\t\t\t\t<span itemprop='height'>0<\/span>\n\t\t\t\t\t\t<span itemprop='width'>0<\/span>\n\t\t\t\t<\/span>\n\t\t\t\t<span class='av-structured-data'  itemprop=\"publisher\" itemtype=\"https:\/\/schema.org\/Organization\" itemscope=\"itemscope\" >\n\t\t\t\t\t\t<span itemprop='name'>textilde<\/span>\n\t\t\t\t\t\t<span itemprop='logo' itemscope itemtype='https:\/\/schema.org\/ImageObject'>\n\t\t\t\t\t\t\t<span itemprop='url'>https:\/\/www.textildelvalle.pe\/es\/wp-content\/uploads\/2021\/08\/logo-tdv.png<\/span>\n\t\t\t\t\t\t <\/span>\n\t\t\t\t<\/span><span class='av-structured-data'  itemprop=\"author\" itemscope=\"itemscope\" itemtype=\"https:\/\/schema.org\/Person\" ><span itemprop='name'>textilde<\/span><\/span><span class='av-structured-data'  itemprop=\"datePublished\" datetime=\"2026-03-18T14:34:59-05:00\" >2026-03-18 14:34:59<\/span><span class='av-structured-data'  itemprop=\"dateModified\" itemtype=\"https:\/\/schema.org\/dateModified\" >2026-03-19 09:44:16<\/span><span class='av-structured-data'  itemprop=\"mainEntityOfPage\" itemtype=\"https:\/\/schema.org\/mainEntityOfPage\" ><span itemprop='name'>Pol\u00edtica Integrada de Gestion<\/span><\/span><\/span><\/article><article class='post-entry post-entry-type-standard post-entry-2037 post-loop-3 post-parity-odd post-entry-last single-big  post-2037 post type-post status-publish format-standard hentry category-informativo category-mejora-continua category-sostenibilidad'  itemscope=\"itemscope\" itemtype=\"https:\/\/schema.org\/BlogPosting\" ><div class='blog-meta'><\/div><div class='entry-content-wrapper clearfix standard-content'><header class=\"entry-content-header\"><div class=\"av-heading-wrapper\"><h2 class='post-title entry-title '  itemprop=\"headline\" >\t<a href='https:\/\/www.textildelvalle.pe\/es\/2026\/02\/04\/fortalecemos-nuestra-estructura-para-servirte-mejor\/' rel='bookmark' title='Enlace permanente: Fortalecemos nuestra estructura para servirte mejor'>Fortalecemos nuestra estructura para servirte mejor\t\t\t<span class='post-format-icon minor-meta'><\/span>\t<\/a><\/h2><span class=\"blog-categories minor-meta\"><a href=\"https:\/\/www.textildelvalle.pe\/es\/category\/informativo\/\" rel=\"tag\">Informativo<\/a>, <a href=\"https:\/\/www.textildelvalle.pe\/es\/category\/mejora-continua\/\" rel=\"tag\">Mejora Continua<\/a>, <a href=\"https:\/\/www.textildelvalle.pe\/es\/category\/sostenibilidad\/\" rel=\"tag\">Sostenibilidad<\/a> <\/span><\/div><\/header><span class=\"av-vertical-delimiter\"><\/span><div class=\"entry-content\"  itemprop=\"text\" ><p>Como parte de nuestra evoluci\u00f3n continua y compromiso con la calidad, la innovaci\u00f3n y el crecimiento sostenible, hemos fortalecido nuestra estructura organizacional para servir mejor a nuestros clientes y aliados, de cara al 2026 y los pr\u00f3ximos a\u00f1os. Bajo esta nueva estructura, Jorge Torres lidera la Direcci\u00f3n de Operaciones, que integra Operaciones de manufactura, Operaciones [&hellip;]<\/p>\n<div class=\"read-more-link\"><a href=\"https:\/\/www.textildelvalle.pe\/es\/2026\/02\/04\/fortalecemos-nuestra-estructura-para-servirte-mejor\/\" class=\"more-link\">Leer m\u00e1s<span class=\"more-link-arrow\"><\/span><\/a><\/div>\n<\/div><span class='post-meta-infos'><time class='date-container minor-meta updated' >02\/04\/2026<\/time><span class='text-sep text-sep-date'>\/<\/span><span class='comment-container minor-meta'><a href=\"https:\/\/www.textildelvalle.pe\/es\/2026\/02\/04\/fortalecemos-nuestra-estructura-para-servirte-mejor\/#respond\" class=\"comments-link\" >0 Comentarios<\/a><\/span><span class='text-sep text-sep-comment'>\/<\/span><span class=\"blog-author minor-meta\">por <span class=\"entry-author-link\"  itemprop=\"author\" ><span class=\"author\"><span class=\"fn\"><a href=\"https:\/\/www.textildelvalle.pe\/es\/author\/textilde\/\" title=\"Entradas de textilde\" rel=\"author\">textilde<\/a><\/span><\/span><\/span><\/span><\/span><footer class=\"entry-footer\"><\/footer><div class='post_delimiter'><\/div><\/div><div class='post_author_timeline'><\/div><span class='hidden'>\n\t\t\t\t<span class='av-structured-data'  itemprop=\"image\" itemscope=\"itemscope\" itemtype=\"https:\/\/schema.org\/ImageObject\" >\n\t\t\t\t\t\t<span itemprop='url'>https:\/\/www.textildelvalle.pe\/es\/wp-content\/uploads\/2021\/08\/logo-tdv.png<\/span>\n\t\t\t\t\t\t<span itemprop='height'>0<\/span>\n\t\t\t\t\t\t<span itemprop='width'>0<\/span>\n\t\t\t\t<\/span>\n\t\t\t\t<span class='av-structured-data'  itemprop=\"publisher\" itemtype=\"https:\/\/schema.org\/Organization\" itemscope=\"itemscope\" >\n\t\t\t\t\t\t<span itemprop='name'>textilde<\/span>\n\t\t\t\t\t\t<span itemprop='logo' itemscope itemtype='https:\/\/schema.org\/ImageObject'>\n\t\t\t\t\t\t\t<span itemprop='url'>https:\/\/www.textildelvalle.pe\/es\/wp-content\/uploads\/2021\/08\/logo-tdv.png<\/span>\n\t\t\t\t\t\t <\/span>\n\t\t\t\t<\/span><span class='av-structured-data'  itemprop=\"author\" itemscope=\"itemscope\" itemtype=\"https:\/\/schema.org\/Person\" ><span itemprop='name'>textilde<\/span><\/span><span class='av-structured-data'  itemprop=\"datePublished\" datetime=\"2026-02-04T14:37:14-05:00\" >2026-02-04 14:37:14<\/span><span class='av-structured-data'  itemprop=\"dateModified\" itemtype=\"https:\/\/schema.org\/dateModified\" >2026-02-12 09:11:16<\/span><span class='av-structured-data'  itemprop=\"mainEntityOfPage\" itemtype=\"https:\/\/schema.org\/mainEntityOfPage\" ><span itemprop='name'>Fortalecemos nuestra estructura para servirte mejor<\/span><\/span><\/span><\/article><div class='single-big'><nav class='pagination'><span class='pagination-meta'>P\u00e1gina 1 de 6<\/span><span class='current'>1<\/span><a href='https:\/\/www.textildelvalle.pe\/es\/wp-json\/wp\/v2\/pages\/922\/page\/2\/' class='inactive next_page' >2<\/a><a href='https:\/\/www.textildelvalle.pe\/es\/wp-json\/wp\/v2\/pages\/922\/page\/3\/' class='inactive' >3<\/a><a href='https:\/\/www.textildelvalle.pe\/es\/wp-json\/wp\/v2\/pages\/922\/page\/2\/'>&rsaquo;<\/a><a href='https:\/\/www.textildelvalle.pe\/es\/wp-json\/wp\/v2\/pages\/922\/page\/6\/'>&raquo;<\/a><\/nav>\n<\/div><\/div>\n","protected":false},"excerpt":{"rendered":"","protected":false},"author":1,"featured_media":0,"parent":0,"menu_order":0,"comment_status":"closed","ping_status":"closed","template":"","meta":{"footnotes":""},"class_list":["post-922","page","type-page","status-publish","hentry"],"_links":{"self":[{"href":"https:\/\/www.textildelvalle.pe\/es\/wp-json\/wp\/v2\/pages\/922","targetHints":{"allow":["GET"]}}],"collection":[{"href":"https:\/\/www.textildelvalle.pe\/es\/wp-json\/wp\/v2\/pages"}],"about":[{"href":"https:\/\/www.textildelvalle.pe\/es\/wp-json\/wp\/v2\/types\/page"}],"author":[{"embeddable":true,"href":"https:\/\/www.textildelvalle.pe\/es\/wp-json\/wp\/v2\/users\/1"}],"replies":[{"embeddable":true,"href":"https:\/\/www.textildelvalle.pe\/es\/wp-json\/wp\/v2\/comments?post=922"}],"version-history":[{"count":26,"href":"https:\/\/www.textildelvalle.pe\/es\/wp-json\/wp\/v2\/pages\/922\/revisions"}],"predecessor-version":[{"id":1121,"href":"https:\/\/www.textildelvalle.pe\/es\/wp-json\/wp\/v2\/pages\/922\/revisions\/1121"}],"wp:attachment":[{"href":"https:\/\/www.textildelvalle.pe\/es\/wp-json\/wp\/v2\/media?parent=922"}],"curies":[{"name":"wp","href":"https:\/\/api.w.org\/{rel}","templated":true}]}}