{"id":2,"date":"2021-02-04T16:10:29","date_gmt":"2021-02-04T16:10:29","guid":{"rendered":"https:\/\/www.textildelvalle.pe\/trainee\/?page_id=2"},"modified":"2021-03-11T10:08:01","modified_gmt":"2021-03-11T15:08:01","slug":"inicio","status":"publish","type":"page","link":"https:\/\/www.textildelvalle.pe\/trainee\/","title":{"rendered":"Inicio"},"content":{"rendered":"<div id='layer_slider_1'  class='avia-layerslider main_color avia-shadow  avia-builder-el-0  el_before_av_section  avia-builder-el-first  container_wrap sidebar_right' style='  height: 621px; max-width: 1100px; margin: 0 auto;' ><\/div>\n<div id='av_section_1'  class='avia-section main_color avia-section-large avia-no-border-styling  avia-bg-style-scroll  avia-builder-el-1  el_after_av_layerslider  el_before_av_section   container_wrap sidebar_right' style='background-color: #333333;  '  ><div class='container' ><div class='template-page content  av-content-small alpha units'><div class='post-entry post-entry-type-page post-entry-2'><div class='entry-content-wrapper clearfix'>\n<div  id=\"nosotros\"  style='padding-bottom:10px; color:#ffffff;' class='av-special-heading av-special-heading-h1 custom-color-heading blockquote modern-quote modern-centered  '><h1 class='av-special-heading-tag '  itemprop=\"headline\"  >\u00bfQu\u00e9 es el programa Trainee?<\/h1><div class='special-heading-border'><div class='special-heading-inner-border' style='border-color:#ffffff'><\/div><\/div><\/div>\n<div class=\"flex_column av_one_fifth  flex_column_div av-zero-column-padding first  \" style='margin-top:20px; margin-bottom:40px; border-radius:0px; '><\/div><div class=\"flex_column av_three_fifth  flex_column_div av-zero-column-padding   \" style='margin-top:20px; margin-bottom:40px; border-radius:0px; '><section class=\"av_textblock_section \"  itemscope=\"itemscope\" itemtype=\"https:\/\/schema.org\/CreativeWork\" ><div class='avia_textblock  av_inherit_color '  style='color:#d9e021; '  itemprop=\"text\" ><p style=\"text-align: center;\">Es un programa que busca desarrollar tu potencial en la puesta en marcha y adquisi\u00f3n de competencias a trav\u00e9s de desaf\u00edos y herramientas que acelerar\u00e1n tu crecimiento con la \ufb01nalidad de asumir cargos estrat\u00e9gicos en el corto y mediano plazo. Lo m\u00e1s interesante que encontrar\u00e1s es poder adquirir una visi\u00f3n integral del funcionamiento de nuestra cadena de negocio transpirando una cultura de innovaci\u00f3n, transformaci\u00f3n y retos que te pondr\u00e1n a prueba.<\/p>\n<\/div><\/section><\/div><div class=\"flex_column av_one_fifth  flex_column_div av-zero-column-padding   avia-builder-el-3  el_after_av_textblock  el_before_av_three_fifth  \" style='margin-top:20px; margin-bottom:40px; border-radius:0px; '><\/div><section class=\"av_textblock_section \"  itemscope=\"itemscope\" itemtype=\"https:\/\/schema.org\/CreativeWork\" ><div class='avia_textblock  av_inherit_color '  style='font-size:30px; color:#ffffff; '  itemprop=\"text\" ><h3 style=\"text-align: center;\">SIGUENOS EN<\/h3>\n<\/div><\/section>\n<div  class='avia-image-container  av-styling-    avia-align-center '  itemprop=\"image\" itemscope=\"itemscope\" itemtype=\"https:\/\/schema.org\/ImageObject\"  ><div class='avia-image-container-inner'><div class='avia-image-overlay-wrap'><img decoding=\"async\" class='wp-image-42 avia-img-lazy-loading-not-42 avia_image' src=\"https:\/\/www.textildelvalle.pe\/trainee\/wp-content\/uploads\/2021\/02\/instagram-tdv.png\" alt='' title='instagram-tdv' height=\"60\" width=\"60\"  itemprop=\"thumbnailUrl\" srcset=\"https:\/\/www.textildelvalle.pe\/trainee\/wp-content\/uploads\/2021\/02\/instagram-tdv.png 60w, https:\/\/www.textildelvalle.pe\/trainee\/wp-content\/uploads\/2021\/02\/instagram-tdv-36x36.png 36w\" sizes=\"(max-width: 60px) 100vw, 60px\" \/><\/div><\/div><\/div>\n<section class=\"av_textblock_section \"  itemscope=\"itemscope\" itemtype=\"https:\/\/schema.org\/CreativeWork\" ><div class='avia_textblock  '  style='font-size:12px; '  itemprop=\"text\" ><p style=\"text-align: center; font-family: 'Poppins', sans-serif; font-weight: bold;\"><a href=\"https:\/\/www.instagram.com\/\" target=\"_blank\" rel=\"noopener\">@textilesdelvalle<\/a><\/p>\n<\/div><\/section>\n<\/div><\/div><\/div><!-- close content main div --><\/div><\/div><div id='programas'  class='avia-section main_color avia-section-default avia-no-border-styling  avia-full-contain avia-bg-style-scroll   av-minimum-height av-minimum-height-custom  container_wrap sidebar_right' style='background-color: #d9e021; background-repeat: no-repeat; background-image: url(https:\/\/www.textildelvalle.pe\/trainee\/wp-content\/uploads\/2021\/02\/fondo-titulo-executive-trainee.jpg);background-attachment: scroll; background-position: bottom left;  '  data-section-bg-repeat='contain'><div class='container' style='height:250px'><div class='template-page content  av-content-small alpha units'><div class='post-entry post-entry-type-page post-entry-2'><div class='entry-content-wrapper clearfix'>\n<section class=\"av_textblock_section \"  itemscope=\"itemscope\" itemtype=\"https:\/\/schema.org\/CreativeWork\" ><div class='avia_textblock  av_inherit_color '  style='color:#333333; '  itemprop=\"text\" ><h2>EXECUTIVE<br \/>\nTRAINEE.<\/h2>\n<\/div><\/section>\n<section class=\"av_textblock_section \"  itemscope=\"itemscope\" itemtype=\"https:\/\/schema.org\/CreativeWork\" ><div class='avia_textblock  av_inherit_color '  style='font-size:18px; color:#333333; '  itemprop=\"text\" ><p style=\"font-family: 'Poppins', sans-serif; font-weight: bold;\">Formaremos a los futuros l\u00edderes de la segunda l\u00ednea con visi\u00f3n hol\u00edstica e integrada de la compa\u00f1\u00eda.<\/p>\n<\/div><\/section>\n<\/div><\/div><\/div><!-- close content main div --><\/div><\/div><div id='after_section_2'  class='main_color av_default_container_wrap container_wrap sidebar_right' style=' '  ><div class='container' ><div class='template-page content  av-content-small alpha units'><div class='post-entry post-entry-type-page post-entry-2'><div class='entry-content-wrapper clearfix'><\/div><\/div><\/div><!-- close content main div --><\/div><\/div><div id='av_section_3'  class='avia-section main_color avia-section-default avia-no-border-styling  avia-full-stretch avia-bg-style-scroll   av-minimum-height av-minimum-height-custom  container_wrap sidebar_right' style='background-repeat: no-repeat; background-image: url(https:\/\/www.textildelvalle.pe\/trainee\/wp-content\/uploads\/2021\/02\/executive-trainee.jpg);background-attachment: scroll; background-position: top left;  '  data-section-bg-repeat='stretch'><div class='container' style='height:450px'><div class='template-page content  av-content-small alpha units'><div class='post-entry post-entry-type-page post-entry-2'><div class='entry-content-wrapper clearfix'>\n<div class=\"flex_column av_one_half  flex_column_div av-zero-column-padding first  \" style='border-radius:0px; '><\/div><div class=\"flex_column av_one_half  flex_column_div av-zero-column-padding   \" style='border-radius:0px; '><section class=\"av_textblock_section \"  itemscope=\"itemscope\" itemtype=\"https:\/\/schema.org\/CreativeWork\" ><div class='avia_textblock  av_inherit_color '  style='font-size:18px; color:#ffffff; '  itemprop=\"text\" ><p style=\"font-family: 'Poppins', sans-serif; font-weight: bold;\">Partida de reclutamiento.<\/p>\n<\/div><\/section><br \/>\n<section class=\"av_textblock_section \"  itemscope=\"itemscope\" itemtype=\"https:\/\/schema.org\/CreativeWork\" ><div class='avia_textblock  av_inherit_color '  style='color:#ffffff; '  itemprop=\"text\" ><ul>\n<li>Profesional de las carreras a\ufb01nes a Ingenier\u00eda.<\/li>\n<li>Egresado como m\u00e1ximo 1 a\u00f1o de MBA (maestr\u00edas espec\u00ed\ufb01cas relacionadas a la carrera.<\/li>\n<li>5 a\u00f1os de experiencia profesional<\/li>\n<li>Indispensable gesti\u00f3n de proyectos de alta envergadura, metodolog\u00edas \u00e1giles y dominio de alg\u00fan ERP.<\/li>\n<li>Ingl\u00e9s avanzado.<\/li>\n<li>Competencias: Liderazgo con prop\u00f3sito, visi\u00f3n de negocio y pensamiento con agilidad estrat\u00e9gica<\/li>\n<\/ul>\n<\/div><\/section><br \/>\n<div  class='avia-button-wrap avia-button-left  btn-postula-executive' ><a href=''  class='avia-button   avia-icon_select-no avia-size-small avia-position-left '  style='background-color:#333333; border-color:#333333; color:#d9e021; ' ><span class='avia_iconbox_title' >POSTULA AQU\u00cd<\/span><span class='avia_button_background avia-button avia-color-theme-color-highlight' ><\/span><\/a><\/div><\/p><\/div><\/div><\/div><\/div><!-- close content main div --><\/div><\/div><div id='after_section_3'  class='main_color av_default_container_wrap container_wrap sidebar_right' style=' '  ><div class='container' ><div class='template-page content  av-content-small alpha units'><div class='post-entry post-entry-type-page post-entry-2'><div class='entry-content-wrapper clearfix'><\/div><\/div><\/div><!-- close content main div --><\/div><\/div><div id='programas'  class='avia-section main_color avia-section-default avia-no-border-styling  avia-full-contain avia-bg-style-scroll   av-minimum-height av-minimum-height-custom  container_wrap sidebar_right' style='background-color: #ff7300; background-repeat: no-repeat; background-image: url(https:\/\/www.textildelvalle.pe\/trainee\/wp-content\/uploads\/2021\/02\/talento-industrial.jpg);background-attachment: scroll; background-position: bottom left;  '  data-section-bg-repeat='contain'><div class='container' style='height:250px'><div class='template-page content  av-content-small alpha units'><div class='post-entry post-entry-type-page post-entry-2'><div class='entry-content-wrapper clearfix'>\n<section class=\"av_textblock_section \"  itemscope=\"itemscope\" itemtype=\"https:\/\/schema.org\/CreativeWork\" ><div class='avia_textblock  av_inherit_color '  style='color:#333333; '  itemprop=\"text\" ><h2>TALENTO<br \/>\nINDUSTRIAL.<\/h2>\n<\/div><\/section>\n<section class=\"av_textblock_section \"  itemscope=\"itemscope\" itemtype=\"https:\/\/schema.org\/CreativeWork\" ><div class='avia_textblock  av_inherit_color '  style='font-size:18px; color:#333333; '  itemprop=\"text\" ><p style=\"font-family: 'Poppins', sans-serif; font-weight: bold;\">Aceleramos el crecimiento de futuros l\u00edderes.<br \/>\nEl prop\u00f3sito ser\u00e1 la renovaci\u00f3n de l\u00ednea de supervisores y coordinadores.<\/p>\n<\/div><\/section>\n<\/div><\/div><\/div><!-- close content main div --><\/div><\/div><div id='after_section_4'  class='main_color av_default_container_wrap container_wrap sidebar_right' style=' '  ><div class='container' ><div class='template-page content  av-content-small alpha units'><div class='post-entry post-entry-type-page post-entry-2'><div class='entry-content-wrapper clearfix'><\/div><\/div><\/div><!-- close content main div --><\/div><\/div><div id='av_section_5'  class='avia-section main_color avia-section-default avia-no-border-styling  avia-full-stretch avia-bg-style-scroll   av-minimum-height av-minimum-height-custom  container_wrap sidebar_right' style='background-repeat: no-repeat; background-image: url(https:\/\/www.textildelvalle.pe\/trainee\/wp-content\/uploads\/2021\/02\/talento-industrial-1.jpg);background-attachment: scroll; background-position: top left;  '  data-section-bg-repeat='stretch'><div class='container' style='height:450px'><div class='template-page content  av-content-small alpha units'><div class='post-entry post-entry-type-page post-entry-2'><div class='entry-content-wrapper clearfix'>\n<div class=\"flex_column av_one_half  flex_column_div av-zero-column-padding first  \" style='border-radius:0px; '><section class=\"av_textblock_section \"  itemscope=\"itemscope\" itemtype=\"https:\/\/schema.org\/CreativeWork\" ><div class='avia_textblock  av_inherit_color '  style='font-size:18px; color:#ffffff; '  itemprop=\"text\" ><p style=\"font-family: 'Poppins', sans-serif; font-weight: bold;\">Partida de reclutamiento.<\/p>\n<\/div><\/section><br \/>\n<section class=\"av_textblock_section \"  itemscope=\"itemscope\" itemtype=\"https:\/\/schema.org\/CreativeWork\" ><div class='avia_textblock  av_inherit_color '  style='color:#ffffff; '  itemprop=\"text\" ><ul>\n<li>Profesional de las carreras a\ufb01nes a Ingenier\u00eda.<\/li>\n<li>Egresado como m\u00e1ximo 1 a\u00f1o, con experiencia en el sector industrial.<\/li>\n<li>Conocimiento en metodolog\u00edas \u00e1giles.<\/li>\n<li>Ingl\u00e9s intermedio \u2013 avanzado.<\/li>\n<li>Competencias: innovaci\u00f3n, gesti\u00f3n de racionalidad y ambici\u00f3n de crecimiento.<\/li>\n<\/ul>\n<\/div><\/section><br \/>\n<div  class='avia-button-wrap avia-button-left  btn-postula-executive' ><a href=''  class='avia-button   avia-icon_select-no avia-size-small avia-position-left '  style='background-color:#333333; border-color:#333333; color:#ff7300; ' ><span class='avia_iconbox_title' >POSTULA AQU\u00cd<\/span><span class='avia_button_background avia-button avia-color-theme-color-highlight' ><\/span><\/a><\/div><\/p><\/div><div class=\"flex_column av_one_half  flex_column_div av-zero-column-padding   \" style='border-radius:0px; '><\/div><\/div><\/div><\/div><!-- close content main div --><\/div><\/div><div id='after_section_5'  class='main_color av_default_container_wrap container_wrap sidebar_right' style=' '  ><div class='container' ><div class='template-page content  av-content-small alpha units'><div class='post-entry post-entry-type-page post-entry-2'><div class='entry-content-wrapper clearfix'><\/div><\/div><\/div><!-- close content main div --><\/div><\/div><div id='av_section_6'  class='avia-section main_color avia-section-default avia-no-border-styling  avia-full-stretch avia-bg-style-scroll   av-minimum-height av-minimum-height-custom  container_wrap sidebar_right' style='background-color: #f2f2f2; background-repeat: no-repeat; background-image: url(https:\/\/www.textildelvalle.pe\/trainee\/wp-content\/uploads\/2021\/02\/fondo-proceso.jpg);background-attachment: scroll; background-position: bottom left;  '  data-section-bg-repeat='stretch'><div class='container' style='height:650px'><div class='template-page content  av-content-small alpha units'><div class='post-entry post-entry-type-page post-entry-2'><div class='entry-content-wrapper clearfix'>\n<section class=\"av_textblock_section \"  itemscope=\"itemscope\" itemtype=\"https:\/\/schema.org\/CreativeWork\" ><div class='avia_textblock  av_inherit_color '  style='color:#333333; '  itemprop=\"text\" ><h3>Proceso de selecci\u00f3n.<\/h3>\n<\/div><\/section>\n<\/div><\/div><\/div><!-- close content main div --><\/div><\/div><div id='after_section_6'  class='main_color av_default_container_wrap container_wrap sidebar_right' style=' '  ><div class='container' ><div class='template-page content  av-content-small alpha units'><div class='post-entry post-entry-type-page post-entry-2'><div class='entry-content-wrapper clearfix'><\/p>\n","protected":false},"excerpt":{"rendered":"","protected":false},"author":1,"featured_media":0,"parent":0,"menu_order":0,"comment_status":"closed","ping_status":"open","template":"","meta":{"footnotes":""},"class_list":["post-2","page","type-page","status-publish","hentry"],"_links":{"self":[{"href":"https:\/\/www.textildelvalle.pe\/trainee\/wp-json\/wp\/v2\/pages\/2","targetHints":{"allow":["GET"]}}],"collection":[{"href":"https:\/\/www.textildelvalle.pe\/trainee\/wp-json\/wp\/v2\/pages"}],"about":[{"href":"https:\/\/www.textildelvalle.pe\/trainee\/wp-json\/wp\/v2\/types\/page"}],"author":[{"embeddable":true,"href":"https:\/\/www.textildelvalle.pe\/trainee\/wp-json\/wp\/v2\/users\/1"}],"replies":[{"embeddable":true,"href":"https:\/\/www.textildelvalle.pe\/trainee\/wp-json\/wp\/v2\/comments?post=2"}],"version-history":[{"count":52,"href":"https:\/\/www.textildelvalle.pe\/trainee\/wp-json\/wp\/v2\/pages\/2\/revisions"}],"predecessor-version":[{"id":101,"href":"https:\/\/www.textildelvalle.pe\/trainee\/wp-json\/wp\/v2\/pages\/2\/revisions\/101"}],"wp:attachment":[{"href":"https:\/\/www.textildelvalle.pe\/trainee\/wp-json\/wp\/v2\/media?parent=2"}],"curies":[{"name":"wp","href":"https:\/\/api.w.org\/{rel}","templated":true}]}}